{"id":16548,"date":"2023-10-31T14:38:27","date_gmt":"2023-10-31T14:38:27","guid":{"rendered":"https:\/\/fromagesrumba.com\/?page_id=16548"},"modified":"2023-10-31T15:38:27","modified_gmt":"2023-10-31T15:38:27","slug":"nuesta-historia","status":"publish","type":"page","link":"https:\/\/fromagesrumba.com\/es\/nuesta-historia\/","title":{"rendered":"Nuesta historia"},"content":{"rendered":"\n<div class=\"wp-block-virage-block-virage-columns-2 columns undefined\">\n<div class=\"wp-block-virage-block-virage-column column undefined\"><h1 class='title is-1'>Nuestra Historia<\/h1>\n\n<p class='subtitle is-4'>Les fromages Latino<\/p>\n\n\n<p>Es una queser\u00eda 100% quebequense especializada en quesos t\u00edpicamente latinoamericanos. Los propietarios, Isabel Correa y Eduardo Ib\u00e1\u00f1ez, son de Buga, Colombia. Ponen todo su conocimiento, experiencia y pasi\u00f3n en elaborar quesos de leche de vaca de inspiraci\u00f3n colombiana, mexicana y salvadore\u00f1a.<\/p>\n\n\n\n<p>Llegados a Canad\u00e1 en 1993, el matrimonio comenz\u00f3 a comercializar quesos latinoamericanos en 2005. Ante el creciente \u00e9xito de sus productos, decidieron en 2011 construir su propia queser\u00eda. Felices por su \u00e9xito, la pareja est\u00e1 orgullosa de ver a sus cuatro hijas, todas nacidas en Quebec, participar activamente en el \u00e9xito de la empresa.<\/p>\n\n\n\n<p><strong>Misi\u00f3n<\/strong><\/p>\n\n\n\n<p>Les Fromages Latino Inc busca presentar a sus diferentes consumidores de todas las edades los distintos quesos latinoamericanos para permitirles experimentar una parte de la cultura gastron\u00f3mica latina. Por otro lado, para la comunidad latinoamericana en Canad\u00e1 y Estados Unidos, la compa\u00f1\u00eda quiere revivir recuerdos felices de sus or\u00edgenes.<\/p>\n<\/div>\n\n\n\n<div class=\"wp-block-virage-block-virage-column column undefined\">\n<div class=\"block_gallery\">\n    <div class=\"tile is-ancestor\">\n        <div class=\"tile is-6 is-parent img_1\">\n            <div class=\"image-wrapper\" style=\"background-image: url('https:\/\/fromagesrumba.com\/wp-content\/uploads\/2019\/11\/isabel-correa-fromagerie-loiseau-bleu-3.jpg')\"><\/div>\n        <\/div>\n        <div class=\"tile is-6 is-parent img_2\">\n            <div class=\"image-wrapper\" style=\"background-image: url('')\"><\/div>\n        <\/div>\n    <\/div>\n    <div class=\"tile is-ancestor\">\n        <div class=\"tile is-4 is-parent img_3\">\n            <div class=\"image-wrapper\" style=\"background-image: url('')\"><\/div>\n        <\/div>\n        <div class=\"tile is-8 is-parent img_4\">\n            <div class=\"image-wrapper\" style=\"background-image: url('')\"><\/div>\n        <\/div>\n    <\/div>\n<\/div>\n<\/div>\n<\/div>\n","protected":false},"excerpt":{"rendered":"","protected":false},"author":3,"featured_media":16400,"parent":0,"menu_order":0,"comment_status":"closed","ping_status":"closed","template":"template-static.php","meta":{"_acf_changed":false,"_exactmetrics_skip_tracking":false,"_exactmetrics_sitenote_active":false,"_exactmetrics_sitenote_note":"","_exactmetrics_sitenote_category":0,"footnotes":""},"class_list":["post-16548","page","type-page","status-publish","has-post-thumbnail","hentry"],"acf":[],"yoast_head":"<!-- This site is optimized with the Yoast SEO plugin v25.6 - https:\/\/yoast.com\/wordpress\/plugins\/seo\/ -->\n<title>Nuesta historia - Les Fromages Rumba<\/title>\n<meta name=\"description\" content=\"Les fromages latino Inc. Quesos latinos, historia y misi\u00f3n\" \/>\n<meta name=\"robots\" content=\"index, follow, max-snippet:-1, max-image-preview:large, max-video-preview:-1\" \/>\n<link rel=\"canonical\" href=\"https:\/\/fromagesrumba.com\/es\/nuesta-historia\/\" \/>\n<meta property=\"og:locale\" content=\"es_ES\" \/>\n<meta property=\"og:type\" content=\"article\" \/>\n<meta property=\"og:title\" content=\"Nuesta historia - Les Fromages Rumba\" \/>\n<meta property=\"og:description\" content=\"Les fromages latino Inc. Quesos latinos, historia y misi\u00f3n\" \/>\n<meta property=\"og:url\" content=\"https:\/\/fromagesrumba.com\/es\/nuesta-historia\/\" \/>\n<meta property=\"og:site_name\" content=\"Les Fromages Rumba\" \/>\n<meta property=\"article:modified_time\" content=\"2023-10-31T15:38:27+00:00\" \/>\n<meta property=\"og:image\" content=\"https:\/\/fromagesrumba.com\/wp-content\/uploads\/2023\/10\/Banner_Story.png\" \/>\n\t<meta property=\"og:image:width\" content=\"1920\" \/>\n\t<meta property=\"og:image:height\" content=\"307\" \/>\n\t<meta property=\"og:image:type\" content=\"image\/png\" \/>\n<meta name=\"twitter:card\" content=\"summary_large_image\" \/>\n<meta name=\"twitter:label1\" content=\"Tiempo de lectura\" \/>\n\t<meta name=\"twitter:data1\" content=\"1 minuto\" \/>\n<script type=\"application\/ld+json\" class=\"yoast-schema-graph\">{\"@context\":\"https:\/\/schema.org\",\"@graph\":[{\"@type\":\"WebPage\",\"@id\":\"https:\/\/fromagesrumba.com\/es\/nuesta-historia\/\",\"url\":\"https:\/\/fromagesrumba.com\/es\/nuesta-historia\/\",\"name\":\"Nuesta historia - Les Fromages Rumba\",\"isPartOf\":{\"@id\":\"https:\/\/fromagesrumba.com\/#website\"},\"primaryImageOfPage\":{\"@id\":\"https:\/\/fromagesrumba.com\/es\/nuesta-historia\/#primaryimage\"},\"image\":{\"@id\":\"https:\/\/fromagesrumba.com\/es\/nuesta-historia\/#primaryimage\"},\"thumbnailUrl\":\"https:\/\/fromagesrumba.com\/wp-content\/uploads\/2023\/10\/Banner_Story.png\",\"datePublished\":\"2023-10-31T14:38:27+00:00\",\"dateModified\":\"2023-10-31T15:38:27+00:00\",\"description\":\"Les fromages latino Inc. Quesos latinos, historia y misi\u00f3n\",\"breadcrumb\":{\"@id\":\"https:\/\/fromagesrumba.com\/es\/nuesta-historia\/#breadcrumb\"},\"inLanguage\":\"es\",\"potentialAction\":[{\"@type\":\"ReadAction\",\"target\":[\"https:\/\/fromagesrumba.com\/es\/nuesta-historia\/\"]}]},{\"@type\":\"ImageObject\",\"inLanguage\":\"es\",\"@id\":\"https:\/\/fromagesrumba.com\/es\/nuesta-historia\/#primaryimage\",\"url\":\"https:\/\/fromagesrumba.com\/wp-content\/uploads\/2023\/10\/Banner_Story.png\",\"contentUrl\":\"https:\/\/fromagesrumba.com\/wp-content\/uploads\/2023\/10\/Banner_Story.png\",\"width\":1920,\"height\":307},{\"@type\":\"BreadcrumbList\",\"@id\":\"https:\/\/fromagesrumba.com\/es\/nuesta-historia\/#breadcrumb\",\"itemListElement\":[{\"@type\":\"ListItem\",\"position\":1,\"name\":\"Accueil\",\"item\":\"https:\/\/fromagesrumba.com\/es\/\"},{\"@type\":\"ListItem\",\"position\":2,\"name\":\"Nuesta historia\"}]},{\"@type\":\"WebSite\",\"@id\":\"https:\/\/fromagesrumba.com\/#website\",\"url\":\"https:\/\/fromagesrumba.com\/\",\"name\":\"Les Fromages Rumba\",\"description\":\"\",\"potentialAction\":[{\"@type\":\"SearchAction\",\"target\":{\"@type\":\"EntryPoint\",\"urlTemplate\":\"https:\/\/fromagesrumba.com\/?s={search_term_string}\"},\"query-input\":{\"@type\":\"PropertyValueSpecification\",\"valueRequired\":true,\"valueName\":\"search_term_string\"}}],\"inLanguage\":\"es\"}]}<\/script>\n<!-- \/ Yoast SEO plugin. -->","yoast_head_json":{"title":"Nuesta historia - Les Fromages Rumba","description":"Les fromages latino Inc. Quesos latinos, historia y misi\u00f3n","robots":{"index":"index","follow":"follow","max-snippet":"max-snippet:-1","max-image-preview":"max-image-preview:large","max-video-preview":"max-video-preview:-1"},"canonical":"https:\/\/fromagesrumba.com\/es\/nuesta-historia\/","og_locale":"es_ES","og_type":"article","og_title":"Nuesta historia - Les Fromages Rumba","og_description":"Les fromages latino Inc. Quesos latinos, historia y misi\u00f3n","og_url":"https:\/\/fromagesrumba.com\/es\/nuesta-historia\/","og_site_name":"Les Fromages Rumba","article_modified_time":"2023-10-31T15:38:27+00:00","og_image":[{"width":1920,"height":307,"url":"https:\/\/fromagesrumba.com\/wp-content\/uploads\/2023\/10\/Banner_Story.png","type":"image\/png"}],"twitter_card":"summary_large_image","twitter_misc":{"Tiempo de lectura":"1 minuto"},"schema":{"@context":"https:\/\/schema.org","@graph":[{"@type":"WebPage","@id":"https:\/\/fromagesrumba.com\/es\/nuesta-historia\/","url":"https:\/\/fromagesrumba.com\/es\/nuesta-historia\/","name":"Nuesta historia - Les Fromages Rumba","isPartOf":{"@id":"https:\/\/fromagesrumba.com\/#website"},"primaryImageOfPage":{"@id":"https:\/\/fromagesrumba.com\/es\/nuesta-historia\/#primaryimage"},"image":{"@id":"https:\/\/fromagesrumba.com\/es\/nuesta-historia\/#primaryimage"},"thumbnailUrl":"https:\/\/fromagesrumba.com\/wp-content\/uploads\/2023\/10\/Banner_Story.png","datePublished":"2023-10-31T14:38:27+00:00","dateModified":"2023-10-31T15:38:27+00:00","description":"Les fromages latino Inc. Quesos latinos, historia y misi\u00f3n","breadcrumb":{"@id":"https:\/\/fromagesrumba.com\/es\/nuesta-historia\/#breadcrumb"},"inLanguage":"es","potentialAction":[{"@type":"ReadAction","target":["https:\/\/fromagesrumba.com\/es\/nuesta-historia\/"]}]},{"@type":"ImageObject","inLanguage":"es","@id":"https:\/\/fromagesrumba.com\/es\/nuesta-historia\/#primaryimage","url":"https:\/\/fromagesrumba.com\/wp-content\/uploads\/2023\/10\/Banner_Story.png","contentUrl":"https:\/\/fromagesrumba.com\/wp-content\/uploads\/2023\/10\/Banner_Story.png","width":1920,"height":307},{"@type":"BreadcrumbList","@id":"https:\/\/fromagesrumba.com\/es\/nuesta-historia\/#breadcrumb","itemListElement":[{"@type":"ListItem","position":1,"name":"Accueil","item":"https:\/\/fromagesrumba.com\/es\/"},{"@type":"ListItem","position":2,"name":"Nuesta historia"}]},{"@type":"WebSite","@id":"https:\/\/fromagesrumba.com\/#website","url":"https:\/\/fromagesrumba.com\/","name":"Les Fromages Rumba","description":"","potentialAction":[{"@type":"SearchAction","target":{"@type":"EntryPoint","urlTemplate":"https:\/\/fromagesrumba.com\/?s={search_term_string}"},"query-input":{"@type":"PropertyValueSpecification","valueRequired":true,"valueName":"search_term_string"}}],"inLanguage":"es"}]}},"_links":{"self":[{"href":"https:\/\/fromagesrumba.com\/es\/wp-json\/wp\/v2\/pages\/16548"}],"collection":[{"href":"https:\/\/fromagesrumba.com\/es\/wp-json\/wp\/v2\/pages"}],"about":[{"href":"https:\/\/fromagesrumba.com\/es\/wp-json\/wp\/v2\/types\/page"}],"author":[{"embeddable":true,"href":"https:\/\/fromagesrumba.com\/es\/wp-json\/wp\/v2\/users\/3"}],"replies":[{"embeddable":true,"href":"https:\/\/fromagesrumba.com\/es\/wp-json\/wp\/v2\/comments?post=16548"}],"version-history":[{"count":10,"href":"https:\/\/fromagesrumba.com\/es\/wp-json\/wp\/v2\/pages\/16548\/revisions"}],"predecessor-version":[{"id":16573,"href":"https:\/\/fromagesrumba.com\/es\/wp-json\/wp\/v2\/pages\/16548\/revisions\/16573"}],"wp:featuredmedia":[{"embeddable":true,"href":"https:\/\/fromagesrumba.com\/es\/wp-json\/wp\/v2\/media\/16400"}],"wp:attachment":[{"href":"https:\/\/fromagesrumba.com\/es\/wp-json\/wp\/v2\/media?parent=16548"}],"curies":[{"name":"wp","href":"https:\/\/api.w.org\/{rel}","templated":true}]}}