{"id":16584,"date":"2023-10-31T15:59:42","date_gmt":"2023-10-31T15:59:42","guid":{"rendered":"https:\/\/fromagesrumba.com\/?page_id=16584"},"modified":"2024-01-12T18:02:58","modified_gmt":"2024-01-12T18:02:58","slug":"contacto","status":"publish","type":"page","link":"https:\/\/fromagesrumba.com\/es\/contacto\/","title":{"rendered":"Contacto"},"content":{"rendered":"\n<figure class=\"wp-block-image is-resized\"><img loading=\"lazy\" decoding=\"async\" width=\"200\" height=\"200\" src=\"https:\/\/dev.virage.co\/fromagesrumba\/wp-content\/uploads\/2019\/05\/Logo_Fromage_Latino.png\" alt=\"\" class=\"wp-image-373\" style=\"width:200px;height:200px\" srcset=\"https:\/\/fromagesrumba.com\/wp-content\/uploads\/2019\/05\/Logo_Fromage_Latino.png 200w, https:\/\/fromagesrumba.com\/wp-content\/uploads\/2019\/05\/Logo_Fromage_Latino-150x150.png 150w\" sizes=\"(max-width: 200px) 100vw, 200px\" \/><\/figure>\n\n\n<p class='title is-3'>525, Boulevard Industriel <br\/> Val-des-Sources (Qu\u00e9bec) J1T 0A4 <\/p>\n\n<p class='title is-3'>819 879-9191<\/p>\n\n\n<p>Horario:<\/p>\n\n\n\n<p>Martes y mi\u00e9rcoles de 11 a 18 hs.<br>Jueves y viernes de 11 a 18.30 h.<br>S\u00e1bado de 10 a 17 hs.<\/p>\n\n\n\n<p>El Petit Lait se sirve los martes y mi\u00e9rcoles al mediod\u00eda y los jueves y viernes al mediod\u00eda y a las 5 p.m.<\/p>\n\n\n<p class='subtitle is-5'>Fromage Latino appr\u00e9cie vos commentaires et souhaite le mieux possible r\u00e9pondre \u00e0 vos questions.<\/p>\n\n\n<div class=\"wpcf7 no-js\" id=\"wpcf7-f560-o1\" lang=\"es-ES\" dir=\"ltr\" data-wpcf7-id=\"560\">\n<div class=\"screen-reader-response\"><p role=\"status\" aria-live=\"polite\" aria-atomic=\"true\"><\/p> <ul><\/ul><\/div>\n<form action=\"\/es\/wp-json\/wp\/v2\/pages\/16584#wpcf7-f560-o1\" method=\"post\" class=\"wpcf7-form init\" aria-label=\"Formulario de contacto\" novalidate=\"novalidate\" data-status=\"init\">\n<div style=\"display: none;\">\n<input type=\"hidden\" name=\"_wpcf7\" value=\"560\" \/>\n<input type=\"hidden\" name=\"_wpcf7_version\" value=\"6.0.6\" \/>\n<input type=\"hidden\" name=\"_wpcf7_locale\" value=\"es_ES\" \/>\n<input type=\"hidden\" name=\"_wpcf7_unit_tag\" value=\"wpcf7-f560-o1\" \/>\n<input type=\"hidden\" name=\"_wpcf7_container_post\" value=\"0\" \/>\n<input type=\"hidden\" name=\"_wpcf7_posted_data_hash\" value=\"\" \/>\n<input type=\"hidden\" name=\"_wpcf7_recaptcha_response\" value=\"\" \/>\n<\/div>\n<p><span class=\"wpcf7-form-control-wrap\" data-name=\"your-name\"><input size=\"40\" maxlength=\"400\" class=\"wpcf7-form-control wpcf7-text wpcf7-validates-as-required\" aria-required=\"true\" aria-invalid=\"false\" placeholder=\"(es) Pr\u00e9nom et nom *\" value=\"\" type=\"text\" name=\"your-name\" \/><\/span><br \/>\n<span class=\"wpcf7-form-control-wrap\" data-name=\"your-email\"><input size=\"40\" maxlength=\"400\" class=\"wpcf7-form-control wpcf7-email wpcf7-validates-as-required wpcf7-text wpcf7-validates-as-email\" aria-required=\"true\" aria-invalid=\"false\" placeholder=\"Courriel *\" value=\"\" type=\"email\" name=\"your-email\" \/><\/span><br \/>\n<span class=\"wpcf7-form-control-wrap\" data-name=\"tel-354\"><input size=\"40\" maxlength=\"400\" class=\"wpcf7-form-control wpcf7-tel wpcf7-validates-as-required wpcf7-text wpcf7-validates-as-tel\" aria-required=\"true\" aria-invalid=\"false\" placeholder=\"T\u00e9l\u00e9phone *\" value=\"\" type=\"tel\" name=\"tel-354\" \/><\/span><br \/>\n<span class=\"wpcf7-form-control-wrap\" data-name=\"your-subject\"><input size=\"40\" maxlength=\"400\" class=\"wpcf7-form-control wpcf7-text wpcf7-validates-as-required\" aria-required=\"true\" aria-invalid=\"false\" placeholder=\"Sujet *\" value=\"\" type=\"text\" name=\"your-subject\" \/><\/span><br \/>\n<span class=\"wpcf7-form-control-wrap\" data-name=\"your-message\"><textarea cols=\"40\" rows=\"10\" maxlength=\"2000\" class=\"wpcf7-form-control wpcf7-textarea wpcf7-validates-as-required\" aria-required=\"true\" aria-invalid=\"false\" placeholder=\"Votre demande *\" name=\"your-message\"><\/textarea><\/span>\n<\/p>\n<p><input class=\"wpcf7-form-control wpcf7-submit has-spinner\" type=\"submit\" value=\"Enviar\" \/>\n<\/p><input type='hidden' class='wpcf7-pum' value='{\"closepopup\":false,\"closedelay\":0,\"openpopup\":false,\"openpopup_id\":0}' \/><div class=\"wpcf7-response-output\" aria-hidden=\"true\"><\/div>\n<\/form>\n<\/div>\n\n","protected":false},"excerpt":{"rendered":"<p>Horario: Martes y mi\u00e9rcoles de 11 a 18 hs.Jueves y viernes de 11 a 18.30 h.S\u00e1bado de 10 a 17 hs. El Petit Lait se sirve los martes y mi\u00e9rcoles al mediod\u00eda y los jueves y viernes al mediod\u00eda y a las 5 p.m.<\/p>\n","protected":false},"author":3,"featured_media":16322,"parent":0,"menu_order":0,"comment_status":"closed","ping_status":"closed","template":"template-static.php","meta":{"_acf_changed":false,"_exactmetrics_skip_tracking":false,"_exactmetrics_sitenote_active":false,"_exactmetrics_sitenote_note":"","_exactmetrics_sitenote_category":0,"footnotes":""},"class_list":["post-16584","page","type-page","status-publish","has-post-thumbnail","hentry"],"acf":[],"yoast_head":"<!-- This site is optimized with the Yoast SEO plugin v25.6 - https:\/\/yoast.com\/wordpress\/plugins\/seo\/ -->\n<title>Contacto - Les Fromages Rumba<\/title>\n<meta name=\"robots\" content=\"index, follow, max-snippet:-1, max-image-preview:large, max-video-preview:-1\" \/>\n<link rel=\"canonical\" href=\"https:\/\/fromagesrumba.com\/es\/contacto\/\" \/>\n<meta property=\"og:locale\" content=\"es_ES\" \/>\n<meta property=\"og:type\" content=\"article\" \/>\n<meta property=\"og:title\" content=\"Contacto - Les Fromages Rumba\" \/>\n<meta property=\"og:description\" content=\"Horario: Martes y mi\u00e9rcoles de 11 a 18 hs.Jueves y viernes de 11 a 18.30 h.S\u00e1bado de 10 a 17 hs. El Petit Lait se sirve los martes y mi\u00e9rcoles al mediod\u00eda y los jueves y viernes al mediod\u00eda y a las 5 p.m.\" \/>\n<meta property=\"og:url\" content=\"https:\/\/fromagesrumba.com\/es\/contacto\/\" \/>\n<meta property=\"og:site_name\" content=\"Les Fromages Rumba\" \/>\n<meta property=\"article:modified_time\" content=\"2024-01-12T18:02:58+00:00\" \/>\n<meta property=\"og:image\" content=\"https:\/\/fromagesrumba.com\/wp-content\/uploads\/2023\/10\/IMG_6241-2-1024x768.png\" \/>\n\t<meta property=\"og:image:width\" content=\"1024\" \/>\n\t<meta property=\"og:image:height\" content=\"768\" \/>\n\t<meta property=\"og:image:type\" content=\"image\/png\" \/>\n<meta name=\"twitter:card\" content=\"summary_large_image\" \/>\n<meta name=\"twitter:label1\" content=\"Tiempo de lectura\" \/>\n\t<meta name=\"twitter:data1\" content=\"1 minuto\" \/>\n<script type=\"application\/ld+json\" class=\"yoast-schema-graph\">{\"@context\":\"https:\/\/schema.org\",\"@graph\":[{\"@type\":\"WebPage\",\"@id\":\"https:\/\/fromagesrumba.com\/es\/contacto\/\",\"url\":\"https:\/\/fromagesrumba.com\/es\/contacto\/\",\"name\":\"Contacto - Les Fromages Rumba\",\"isPartOf\":{\"@id\":\"https:\/\/fromagesrumba.com\/#website\"},\"primaryImageOfPage\":{\"@id\":\"https:\/\/fromagesrumba.com\/es\/contacto\/#primaryimage\"},\"image\":{\"@id\":\"https:\/\/fromagesrumba.com\/es\/contacto\/#primaryimage\"},\"thumbnailUrl\":\"https:\/\/fromagesrumba.com\/wp-content\/uploads\/2023\/10\/IMG_6241-2.png\",\"datePublished\":\"2023-10-31T15:59:42+00:00\",\"dateModified\":\"2024-01-12T18:02:58+00:00\",\"breadcrumb\":{\"@id\":\"https:\/\/fromagesrumba.com\/es\/contacto\/#breadcrumb\"},\"inLanguage\":\"es\",\"potentialAction\":[{\"@type\":\"ReadAction\",\"target\":[\"https:\/\/fromagesrumba.com\/es\/contacto\/\"]}]},{\"@type\":\"ImageObject\",\"inLanguage\":\"es\",\"@id\":\"https:\/\/fromagesrumba.com\/es\/contacto\/#primaryimage\",\"url\":\"https:\/\/fromagesrumba.com\/wp-content\/uploads\/2023\/10\/IMG_6241-2.png\",\"contentUrl\":\"https:\/\/fromagesrumba.com\/wp-content\/uploads\/2023\/10\/IMG_6241-2.png\",\"width\":4032,\"height\":3024},{\"@type\":\"BreadcrumbList\",\"@id\":\"https:\/\/fromagesrumba.com\/es\/contacto\/#breadcrumb\",\"itemListElement\":[{\"@type\":\"ListItem\",\"position\":1,\"name\":\"Accueil\",\"item\":\"https:\/\/fromagesrumba.com\/es\/\"},{\"@type\":\"ListItem\",\"position\":2,\"name\":\"Contacto\"}]},{\"@type\":\"WebSite\",\"@id\":\"https:\/\/fromagesrumba.com\/#website\",\"url\":\"https:\/\/fromagesrumba.com\/\",\"name\":\"Les Fromages Rumba\",\"description\":\"\",\"potentialAction\":[{\"@type\":\"SearchAction\",\"target\":{\"@type\":\"EntryPoint\",\"urlTemplate\":\"https:\/\/fromagesrumba.com\/?s={search_term_string}\"},\"query-input\":{\"@type\":\"PropertyValueSpecification\",\"valueRequired\":true,\"valueName\":\"search_term_string\"}}],\"inLanguage\":\"es\"}]}<\/script>\n<!-- \/ Yoast SEO plugin. -->","yoast_head_json":{"title":"Contacto - Les Fromages Rumba","robots":{"index":"index","follow":"follow","max-snippet":"max-snippet:-1","max-image-preview":"max-image-preview:large","max-video-preview":"max-video-preview:-1"},"canonical":"https:\/\/fromagesrumba.com\/es\/contacto\/","og_locale":"es_ES","og_type":"article","og_title":"Contacto - Les Fromages Rumba","og_description":"Horario: Martes y mi\u00e9rcoles de 11 a 18 hs.Jueves y viernes de 11 a 18.30 h.S\u00e1bado de 10 a 17 hs. El Petit Lait se sirve los martes y mi\u00e9rcoles al mediod\u00eda y los jueves y viernes al mediod\u00eda y a las 5 p.m.","og_url":"https:\/\/fromagesrumba.com\/es\/contacto\/","og_site_name":"Les Fromages Rumba","article_modified_time":"2024-01-12T18:02:58+00:00","og_image":[{"width":1024,"height":768,"url":"https:\/\/fromagesrumba.com\/wp-content\/uploads\/2023\/10\/IMG_6241-2-1024x768.png","type":"image\/png"}],"twitter_card":"summary_large_image","twitter_misc":{"Tiempo de lectura":"1 minuto"},"schema":{"@context":"https:\/\/schema.org","@graph":[{"@type":"WebPage","@id":"https:\/\/fromagesrumba.com\/es\/contacto\/","url":"https:\/\/fromagesrumba.com\/es\/contacto\/","name":"Contacto - Les Fromages Rumba","isPartOf":{"@id":"https:\/\/fromagesrumba.com\/#website"},"primaryImageOfPage":{"@id":"https:\/\/fromagesrumba.com\/es\/contacto\/#primaryimage"},"image":{"@id":"https:\/\/fromagesrumba.com\/es\/contacto\/#primaryimage"},"thumbnailUrl":"https:\/\/fromagesrumba.com\/wp-content\/uploads\/2023\/10\/IMG_6241-2.png","datePublished":"2023-10-31T15:59:42+00:00","dateModified":"2024-01-12T18:02:58+00:00","breadcrumb":{"@id":"https:\/\/fromagesrumba.com\/es\/contacto\/#breadcrumb"},"inLanguage":"es","potentialAction":[{"@type":"ReadAction","target":["https:\/\/fromagesrumba.com\/es\/contacto\/"]}]},{"@type":"ImageObject","inLanguage":"es","@id":"https:\/\/fromagesrumba.com\/es\/contacto\/#primaryimage","url":"https:\/\/fromagesrumba.com\/wp-content\/uploads\/2023\/10\/IMG_6241-2.png","contentUrl":"https:\/\/fromagesrumba.com\/wp-content\/uploads\/2023\/10\/IMG_6241-2.png","width":4032,"height":3024},{"@type":"BreadcrumbList","@id":"https:\/\/fromagesrumba.com\/es\/contacto\/#breadcrumb","itemListElement":[{"@type":"ListItem","position":1,"name":"Accueil","item":"https:\/\/fromagesrumba.com\/es\/"},{"@type":"ListItem","position":2,"name":"Contacto"}]},{"@type":"WebSite","@id":"https:\/\/fromagesrumba.com\/#website","url":"https:\/\/fromagesrumba.com\/","name":"Les Fromages Rumba","description":"","potentialAction":[{"@type":"SearchAction","target":{"@type":"EntryPoint","urlTemplate":"https:\/\/fromagesrumba.com\/?s={search_term_string}"},"query-input":{"@type":"PropertyValueSpecification","valueRequired":true,"valueName":"search_term_string"}}],"inLanguage":"es"}]}},"_links":{"self":[{"href":"https:\/\/fromagesrumba.com\/es\/wp-json\/wp\/v2\/pages\/16584"}],"collection":[{"href":"https:\/\/fromagesrumba.com\/es\/wp-json\/wp\/v2\/pages"}],"about":[{"href":"https:\/\/fromagesrumba.com\/es\/wp-json\/wp\/v2\/types\/page"}],"author":[{"embeddable":true,"href":"https:\/\/fromagesrumba.com\/es\/wp-json\/wp\/v2\/users\/3"}],"replies":[{"embeddable":true,"href":"https:\/\/fromagesrumba.com\/es\/wp-json\/wp\/v2\/comments?post=16584"}],"version-history":[{"count":2,"href":"https:\/\/fromagesrumba.com\/es\/wp-json\/wp\/v2\/pages\/16584\/revisions"}],"predecessor-version":[{"id":17404,"href":"https:\/\/fromagesrumba.com\/es\/wp-json\/wp\/v2\/pages\/16584\/revisions\/17404"}],"wp:featuredmedia":[{"embeddable":true,"href":"https:\/\/fromagesrumba.com\/es\/wp-json\/wp\/v2\/media\/16322"}],"wp:attachment":[{"href":"https:\/\/fromagesrumba.com\/es\/wp-json\/wp\/v2\/media?parent=16584"}],"curies":[{"name":"wp","href":"https:\/\/api.w.org\/{rel}","templated":true}]}}